{"id":251,"date":"2020-07-21T11:32:52","date_gmt":"2020-07-21T11:32:52","guid":{"rendered":"http:\/\/odysseus-hamburg.de\/?page_id=251"},"modified":"2020-07-21T19:09:17","modified_gmt":"2020-07-21T19:09:17","slug":"datenschutz","status":"publish","type":"page","link":"http:\/\/odysseus-hamburg.de\/?page_id=251","title":{"rendered":"Datenschutzerkl\u00e4rung"},"content":{"rendered":"\t\t<div data-elementor-type=\"wp-page\" data-elementor-id=\"251\" class=\"elementor elementor-251\">\n\t\t\t\t\t\t<section class=\"elementor-section elementor-top-section elementor-element elementor-element-b2821e1 elementor-section-content-middle elementor-section-boxed elementor-section-height-default elementor-section-height-default\" data-id=\"b2821e1\" data-element_type=\"section\" data-e-type=\"section\" data-settings=\"{&quot;background_background&quot;:&quot;classic&quot;}\">\n\t\t\t\t\t\t<div class=\"elementor-container elementor-column-gap-no\">\n\t\t\t\t\t<div class=\"elementor-column elementor-col-100 elementor-top-column elementor-element elementor-element-949f28e\" data-id=\"949f28e\" data-element_type=\"column\" data-e-type=\"column\">\n\t\t\t<div class=\"elementor-widget-wrap elementor-element-populated\">\n\t\t\t\t\t\t<div class=\"elementor-element elementor-element-1307d52 elementor-widget elementor-widget-heading\" data-id=\"1307d52\" data-element_type=\"widget\" data-e-type=\"widget\" data-widget_type=\"heading.default\">\n\t\t\t\t<div class=\"elementor-widget-container\">\n\t\t\t\t\t<h4 class=\"elementor-heading-title elementor-size-default\">Datenschutzerkl\u00e4rung<\/h4>\t\t\t\t<\/div>\n\t\t\t\t<\/div>\n\t\t\t\t<div class=\"elementor-element elementor-element-fa459a6 elementor-widget elementor-widget-heading\" data-id=\"fa459a6\" data-element_type=\"widget\" data-e-type=\"widget\" data-widget_type=\"heading.default\">\n\t\t\t\t<div class=\"elementor-widget-container\">\n\t\t\t\t\t<h2 class=\"elementor-heading-title elementor-size-default\">www.odysseus-hamburg.de<\/h2>\t\t\t\t<\/div>\n\t\t\t\t<\/div>\n\t\t\t\t\t<\/div>\n\t\t<\/div>\n\t\t\t\t\t<\/div>\n\t\t<\/section>\n\t\t\t\t<section class=\"elementor-section elementor-top-section elementor-element elementor-element-3056bc23 elementor-section-content-middle elementor-section-boxed elementor-section-height-default elementor-section-height-default\" data-id=\"3056bc23\" data-element_type=\"section\" data-e-type=\"section\" data-settings=\"{&quot;background_background&quot;:&quot;classic&quot;}\">\n\t\t\t\t\t\t<div class=\"elementor-container elementor-column-gap-no\">\n\t\t\t\t\t<div class=\"elementor-column elementor-col-100 elementor-top-column elementor-element elementor-element-35a2353c\" data-id=\"35a2353c\" data-element_type=\"column\" data-e-type=\"column\">\n\t\t\t<div class=\"elementor-widget-wrap elementor-element-populated\">\n\t\t\t\t\t\t<div class=\"elementor-element elementor-element-c035be9 elementor-align-left elementor-tablet-align-justify elementor-mobile-align-justify elementor-widget elementor-widget-button\" data-id=\"c035be9\" data-element_type=\"widget\" data-e-type=\"widget\" data-widget_type=\"button.default\">\n\t\t\t\t<div class=\"elementor-widget-container\">\n\t\t\t\t\t\t\t\t\t<div class=\"elementor-button-wrapper\">\n\t\t\t\t\t<a class=\"elementor-button elementor-button-link elementor-size-md\" href=\"http:\/\/odysseus-hamburg.de\/\">\n\t\t\t\t\t\t<span class=\"elementor-button-content-wrapper\">\n\t\t\t\t\t\t\t\t\t<span class=\"elementor-button-text\">zur\u00fcck zum Restau\u00adrant Odysseus<\/span>\n\t\t\t\t\t<\/span>\n\t\t\t\t\t<\/a>\n\t\t\t\t<\/div>\n\t\t\t\t\t\t\t\t<\/div>\n\t\t\t\t<\/div>\n\t\t\t\t<div class=\"elementor-element elementor-element-a12e422 elementor-widget-divider--view-line elementor-widget elementor-widget-divider\" data-id=\"a12e422\" data-element_type=\"widget\" data-e-type=\"widget\" data-widget_type=\"divider.default\">\n\t\t\t\t<div class=\"elementor-widget-container\">\n\t\t\t\t\t\t\t<div class=\"elementor-divider\">\n\t\t\t<span class=\"elementor-divider-separator\">\n\t\t\t\t\t\t<\/span>\n\t\t<\/div>\n\t\t\t\t\t\t<\/div>\n\t\t\t\t<\/div>\n\t\t\t\t<div class=\"elementor-element elementor-element-8482802 elementor-widget elementor-widget-text-editor\" data-id=\"8482802\" data-element_type=\"widget\" data-e-type=\"widget\" data-widget_type=\"text-editor.default\">\n\t\t\t\t<div class=\"elementor-widget-container\">\n\t\t\t\t\t\t\t\t\t<p><strong>Allge\u00admei\u00adner Hinweis und Pflichtinformationen<\/strong><\/p><p>Die verant\u00adwort\u00adli\u00adche Stelle f\u00fcr die Daten\u00adver\u00adar\u00adbei\u00adtung auf dieser Website ist:<\/p><p><strong>Odysseus Chatzikon\u00adstan\u00adti\u00adni\u00addes<\/strong><br><strong>Hellkamp 1,&nbsp;20255 Hamburg<\/strong><br><strong>mail@odysseus-hamburg.de<\/strong><\/p><p>Die verant\u00adwort\u00adli\u00adche Stelle entschei\u00addet allein oder gemein\u00adsam mit anderen \u00fcber die Zwecke und Mittel der Verar\u00adbei\u00adtung von perso\u00adnen\u00adbe\u00adzo\u00adge\u00adnen Daten (z. B. Namen, Kontakt\u00adda\u00adten o.&nbsp;\u00c4.).<\/p><p><strong>Wider\u00adruf Ihrer Einwil\u00adli\u00adgung zur Daten\u00adver\u00adar\u00adbei\u00adtung<\/strong><br>Nur mit Ihrer ausdr\u00fcck\u00adli\u00adchen Einwil\u00adli\u00adgung sind einige Vorg\u00e4nge der Daten\u00adver\u00adar\u00adbei\u00adtung m\u00f6glich. Ein Wider\u00adruf Ihrer bereits erteil\u00adten Einwil\u00adli\u00adgung ist jeder\u00adzeit m\u00f6glich. F\u00fcr den Wider\u00adruf gen\u00fcgt eine formlose Mittei\u00adlung per E\u2011Mail. Die Recht\u00adm\u00e4\u00ad\u00dfig\u00adkeit der bis zum Wider\u00adruf erfolg\u00adten Daten\u00adver\u00adar\u00adbei\u00adtung bleibt vom Wider\u00adruf unber\u00fchrt.<\/p><p><strong>Recht auf Beschwerde bei der zust\u00e4n\u00addi\u00adgen Aufsichts\u00adbe\u00adh\u00f6rde<\/strong><br>Als Betrof\u00adfe\u00adner steht Ihnen im Falle eines daten\u00adschutz\u00adrecht\u00adli\u00adchen Versto\u00ad\u00dfes ein Beschwer\u00adde\u00adrecht bei der zust\u00e4n\u00addi\u00adgen Aufsichts\u00adbe\u00adh\u00f6rde zu. Zust\u00e4n\u00addige Aufsichts\u00adbe\u00adh\u00f6rde bez\u00fcg\u00adlich daten\u00adschutz\u00adrecht\u00adli\u00adcher Fragen ist der Landes\u00adda\u00adten\u00adschutz\u00adbe\u00adauf\u00adtragte des Bundes\u00adlan\u00addes, in dem sich der Sitz unseres Unter\u00adneh\u00admens befin\u00addet. Der folgende Link stellt eine Liste der Daten\u00adschutz\u00adbe\u00adauf\u00adtrag\u00adten sowie deren Kontakt\u00adda\u00adten bereit: https:\/\/www.bfdi.bund.de\/DE\/Infothek\/Anschriften_Links\/anschriften_links-node.html.<\/p><p><strong>Recht auf Daten\u00ad\u00fcber\u00adtrag\u00adbar\u00adkeit<\/strong><br>Ihnen steht das Recht zu, Daten, die wir auf Grund\u00adlage Ihrer Einwil\u00adli\u00adgung oder in Erf\u00fcl\u00adlung eines Vertrags automa\u00adti\u00adsiert verar\u00adbei\u00adten, an sich oder an Dritte aush\u00e4n\u00addi\u00adgen zu lassen. Die Bereit\u00adstel\u00adlung erfolgt in einem maschi\u00adnen\u00adles\u00adba\u00adren Format. Sofern Sie die direkte \u00dcbertra\u00adgung der Daten an einen anderen Verant\u00adwort\u00adli\u00adchen verlan\u00adgen, erfolgt dies nur, soweit es technisch machbar ist.<\/p><p><strong>Recht auf Auskunft, Berich\u00adti\u00adgung, Sperrung, L\u00f6schung<\/strong><br>Sie haben jeder\u00adzeit im Rahmen der gelten\u00adden gesetz\u00adli\u00adchen Bestim\u00admun\u00adgen das Recht auf unent\u00adgelt\u00adli\u00adche Auskunft \u00fcber Ihre gespei\u00adcher\u00adten perso\u00adnen\u00adbe\u00adzo\u00adge\u00adnen Daten, Herkunft der Daten, deren Empf\u00e4n\u00adger und den Zweck der Daten\u00adver\u00adar\u00adbei\u00adtung und ggf. ein Recht auf Berich\u00adti\u00adgung, Sperrung oder L\u00f6schung dieser Daten. Diesbe\u00adz\u00fcg\u00adlich und auch zu weite\u00adren Fragen zum Thema perso\u00adnen\u00adbe\u00adzo\u00adgene Daten k\u00f6nnen Sie sich jeder\u00adzeit \u00fcber die im Impres\u00adsum aufge\u00adf\u00fchr\u00adten Kontakt\u00adm\u00f6g\u00adlich\u00adkei\u00adten an uns wenden.<\/p><p><strong>Server-Log-Dateien<\/strong><br>In Server-Log-Dateien erhebt und speichert der Provi\u00adder der Website automa\u00adtisch Infor\u00adma\u00adtio\u00adnen, die Ihr Browser automa\u00adtisch an uns \u00fcbermit\u00adtelt. Dies sind:<br>\u203a Besuchte Seite auf unserer Domain<br>\u203a Datum und Uhrzeit der Server\u00adan\u00adfrage<br>\u203a Browser\u00adtyp und Browser\u00adver\u00adsion<br>\u203a Verwen\u00adde\u00adtes Betriebs\u00adsys\u00adtem<br>\u203a Refer\u00adrer URL<br>\u203a Hostname des zugrei\u00adfen\u00adden Rechners<br>\u203a IP-Adresse<br>Es findet keine Zusam\u00admen\u00adf\u00fch\u00adrung dieser Daten mit anderen Daten\u00adquel\u00adlen statt. Grund\u00adlage der Daten\u00adver\u00adar\u00adbei\u00adtung bildet Art. 6 Abs. 1 lit. b DSGVO, der die Verar\u00adbei\u00adtung von Daten zur Erf\u00fcl\u00adlung eines Vertrags oder vorver\u00adtrag\u00adli\u00adcher Ma\u00dfnah\u00admen gestattet.<\/p><p><strong>Cookies<\/strong><br>Unsere Website verwen\u00addet Cookies. Das sind kleine Textda\u00adteien, die Ihr Webbrow\u00adser auf Ihrem Endge\u00adr\u00e4t speichert. Cookies helfen uns dabei, unser Angebot nutzer\u00adfreund\u00adli\u00adcher, effek\u00adti\u00adver und siche\u00adrer zu machen.<br>Einige Cookies sind \u201eSession-Cookies.\u201c Solche Cookies werden nach Ende Ihrer Browser-Sitzung von selbst gel\u00f6scht. Hinge\u00adgen bleiben andere Cookies auf Ihrem Endge\u00adr\u00e4t bestehen, bis Sie diese selbst l\u00f6schen. Solche Cookies helfen uns, Sie bei R\u00fcckkehr auf unserer Website wieder\u00adzu\u00ader\u00adken\u00adnen.<br>Mit einem moder\u00adnen Webbrow\u00adser k\u00f6nnen Sie das Setzen von Cookies \u00fcberwa\u00adchen, einschr\u00e4n\u00adken oder unter\u00adbin\u00adden. Viele Webbrow\u00adser lassen sich so konfi\u00adgu\u00adrie\u00adren, dass Cookies mit dem Schlie\u00ad\u00dfen des Programms von selbst gel\u00f6scht werden. Die Deakti\u00advie\u00adrung von Cookies kann eine einge\u00adschr\u00e4nkte Funktio\u00adna\u00adli\u00adt\u00e4t unserer Website zur Folge haben.<br>Das Setzen von Cookies, die zur Aus\u00fcbung elektro\u00adni\u00adscher Kommu\u00adni\u00adka\u00adti\u00adons\u00advor\u00adg\u00e4nge oder der Bereit\u00adstel\u00adlung bestimm\u00adter, von Ihnen erw\u00fcnsch\u00adter Funktio\u00adnen (z. B. Waren\u00adkorb) notwen\u00addig sind, erfolgt auf Grund\u00adlage von Art. 6 Abs. 1 lit. f DSGVO. Als Betrei\u00adber dieser Website haben wir ein berech\u00adtig\u00adtes Inter\u00adesse an der Speiche\u00adrung von Cookies zur technisch fehler\u00adfreien und reibungs\u00adlo\u00adsen Bereit\u00adstel\u00adlung unserer Dienste. Sofern die Setzung anderer Cookies (z. B. f\u00fcr Analyse-Funktio\u00adnen) erfolgt, werden diese in dieser Daten\u00adschutz\u00ader\u00adkl\u00e4\u00adrung separat behandelt.<\/p><p>Quelle: Daten\u00adschutz-Konfi\u00adgu\u00adra\u00adtor von mein-datenschutzbeauftragter.de<\/p>\t\t\t\t\t\t\t\t<\/div>\n\t\t\t\t<\/div>\n\t\t\t\t\t<\/div>\n\t\t<\/div>\n\t\t\t\t\t<\/div>\n\t\t<\/section>\n\t\t\t\t<section class=\"elementor-section elementor-top-section elementor-element elementor-element-0595b23 elementor-section-content-middle elementor-section-boxed elementor-section-height-default elementor-section-height-default\" data-id=\"0595b23\" data-element_type=\"section\" data-e-type=\"section\" data-settings=\"{&quot;background_background&quot;:&quot;classic&quot;}\">\n\t\t\t\t\t\t<div class=\"elementor-container elementor-column-gap-no\">\n\t\t\t\t\t<div class=\"elementor-column elementor-col-100 elementor-top-column elementor-element elementor-element-9c3a0d5\" data-id=\"9c3a0d5\" data-element_type=\"column\" data-e-type=\"column\">\n\t\t\t<div class=\"elementor-widget-wrap elementor-element-populated\">\n\t\t\t\t\t\t<div class=\"elementor-element elementor-element-7837b05 elementor-widget elementor-widget-heading\" data-id=\"7837b05\" data-element_type=\"widget\" data-e-type=\"widget\" data-widget_type=\"heading.default\">\n\t\t\t\t<div class=\"elementor-widget-container\">\n\t\t\t\t\t<h4 class=\"elementor-heading-title elementor-size-default\">Haftungsausschluss<\/h4>\t\t\t\t<\/div>\n\t\t\t\t<\/div>\n\t\t\t\t<div class=\"elementor-element elementor-element-1ad48f3 elementor-widget elementor-widget-heading\" data-id=\"1ad48f3\" data-element_type=\"widget\" data-e-type=\"widget\" data-widget_type=\"heading.default\">\n\t\t\t\t<div class=\"elementor-widget-container\">\n\t\t\t\t\t<h2 class=\"elementor-heading-title elementor-size-default\">www.odysseus-hamburg.de<\/h2>\t\t\t\t<\/div>\n\t\t\t\t<\/div>\n\t\t\t\t\t<\/div>\n\t\t<\/div>\n\t\t\t\t\t<\/div>\n\t\t<\/section>\n\t\t\t\t<section class=\"elementor-section elementor-top-section elementor-element elementor-element-0b610f0 elementor-section-content-middle elementor-section-boxed elementor-section-height-default elementor-section-height-default\" data-id=\"0b610f0\" data-element_type=\"section\" data-e-type=\"section\" data-settings=\"{&quot;background_background&quot;:&quot;classic&quot;}\">\n\t\t\t\t\t\t<div class=\"elementor-container elementor-column-gap-no\">\n\t\t\t\t\t<div class=\"elementor-column elementor-col-100 elementor-top-column elementor-element elementor-element-4d7a8d7\" data-id=\"4d7a8d7\" data-element_type=\"column\" data-e-type=\"column\">\n\t\t\t<div class=\"elementor-widget-wrap elementor-element-populated\">\n\t\t\t\t\t\t<div class=\"elementor-element elementor-element-aeca87a elementor-align-left elementor-tablet-align-justify elementor-mobile-align-justify elementor-widget elementor-widget-button\" data-id=\"aeca87a\" data-element_type=\"widget\" data-e-type=\"widget\" data-widget_type=\"button.default\">\n\t\t\t\t<div class=\"elementor-widget-container\">\n\t\t\t\t\t\t\t\t\t<div class=\"elementor-button-wrapper\">\n\t\t\t\t\t<a class=\"elementor-button elementor-button-link elementor-size-md\" href=\"http:\/\/odysseus-hamburg.de\/\">\n\t\t\t\t\t\t<span class=\"elementor-button-content-wrapper\">\n\t\t\t\t\t\t\t\t\t<span class=\"elementor-button-text\">zur\u00fcck zum Restau\u00adrant Odysseus<\/span>\n\t\t\t\t\t<\/span>\n\t\t\t\t\t<\/a>\n\t\t\t\t<\/div>\n\t\t\t\t\t\t\t\t<\/div>\n\t\t\t\t<\/div>\n\t\t\t\t<div class=\"elementor-element elementor-element-61356b9 elementor-widget-divider--view-line elementor-widget elementor-widget-divider\" data-id=\"61356b9\" data-element_type=\"widget\" data-e-type=\"widget\" data-widget_type=\"divider.default\">\n\t\t\t\t<div class=\"elementor-widget-container\">\n\t\t\t\t\t\t\t<div class=\"elementor-divider\">\n\t\t\t<span class=\"elementor-divider-separator\">\n\t\t\t\t\t\t<\/span>\n\t\t<\/div>\n\t\t\t\t\t\t<\/div>\n\t\t\t\t<\/div>\n\t\t\t\t<div class=\"elementor-element elementor-element-d815c30 elementor-widget elementor-widget-text-editor\" data-id=\"d815c30\" data-element_type=\"widget\" data-e-type=\"widget\" data-widget_type=\"text-editor.default\">\n\t\t\t\t<div class=\"elementor-widget-container\">\n\t\t\t\t\t\t\t\t\t<p><strong>Haftung f\u00fcr Inhalte<\/strong><br>Die Inhalte unserer Seiten wurden mit gr\u00f6\u00dfter Sorgfalt erstellt. F\u00fcr die Richtig\u00adkeit, Vollst\u00e4n\u00addig\u00adkeit und Aktua\u00adli\u00adt\u00e4t der Inhalte k\u00f6nnen wir jedoch keine Gew\u00e4hr \u00fcberneh\u00admen. Als Diens\u00adte\u00adan\u00adbie\u00adter sind wir gem\u00e4\u00df \u00a7 7 Abs.1 TMG f\u00fcr eigene Inhalte auf diesen Seiten nach den allge\u00admei\u00adnen Geset\u00adzen verant\u00adwort\u00adlich. Nach \u00a7\u00a7 8 bis 10 TMG sind wir als Diens\u00adte\u00adan\u00adbie\u00adter jedoch nicht verpflich\u00adtet, \u00fcbermit\u00adtelte oder gespei\u00adcherte fremde Infor\u00adma\u00adtio\u00adnen zu \u00fcberwa\u00adchen oder nach Umst\u00e4n\u00adden zu forschen, die auf eine rechts\u00adwid\u00adrige T\u00e4tig\u00adkeit hinwei\u00adsen. Verpflich\u00adtun\u00adgen zur Entfer\u00adnung oder Sperrung der Nutzung von Infor\u00adma\u00adtio\u00adnen nach den allge\u00admei\u00adnen Geset\u00adzen bleiben hiervon unber\u00fchrt. Eine diesbe\u00adz\u00fcg\u00adli\u00adche Haftung ist jedoch erst ab dem Zeitpunkt der Kennt\u00adnis einer konkre\u00adten Rechts\u00adver\u00adlet\u00adzung m\u00f6glich. Bei Bekannt\u00adwer\u00adden von entspre\u00adchen\u00adden Rechts\u00adver\u00adlet\u00adzun\u00adgen werden wir diese Inhalte umgehend entfernen.<\/p>\n<p><strong>Haftung f\u00fcr Links<\/strong><br>Unser Angebot enth\u00e4lt Links zu exter\u00adnen Websei\u00adten Dritter, auf deren Inhalte wir keinen Einfluss haben. Deshalb k\u00f6nnen wir f\u00fcr diese fremden Inhalte auch keine Gew\u00e4hr \u00fcberneh\u00admen. F\u00fcr die Inhalte der verlink\u00adten Seiten ist stets der jewei\u00adlige Anbie\u00adter oder Betrei\u00adber der Seiten verant\u00adwort\u00adlich. Die verlink\u00adten Seiten wurden zum Zeitpunkt der Verlin\u00adkung auf m\u00f6gli\u00adche Rechts\u00adver\u00adst\u00f6\u00dfe \u00fcberpr\u00fcft. Rechts\u00adwid\u00adrige Inhalte waren zum Zeitpunkt der Verlin\u00adkung nicht erkenn\u00adbar. Eine perma\u00adnente inhalt\u00adli\u00adche Kontrolle der verlink\u00adten Seiten ist jedoch ohne konkrete Anhalts\u00adpunkte einer Rechts\u00adver\u00adlet\u00adzung nicht zumut\u00adbar. Bei Bekannt\u00adwer\u00adden von Rechts\u00adver\u00adlet\u00adzun\u00adgen werden wir derar\u00adtige Links umgehend entfernen.<\/p>\n<p><strong>Urheber\u00adrecht<\/strong><br>Die durch die Seiten\u00adbe\u00adtrei\u00adber erstell\u00adten Inhalte und Werke auf diesen Seiten unter\u00adlie\u00adgen dem deutschen Urheber\u00adrecht. Die Verviel\u00adf\u00e4l\u00adti\u00adgung, Bearbei\u00adtung, Verbrei\u00adtung und jede Art der Verwer\u00adtung au\u00dfer\u00adhalb der Grenzen des Urheber\u00adrech\u00adtes bed\u00fcr\u00adfen der schrift\u00adli\u00adchen Zustim\u00admung des jewei\u00adli\u00adgen Autors bzw. Erstel\u00adlers. Downloads und Kopien dieser Seite sind nur f\u00fcr den priva\u00adten, nicht kommer\u00adzi\u00adel\u00adlen Gebrauch gestat\u00adtet. Soweit die Inhalte auf dieser Seite nicht vom Betrei\u00adber erstellt wurden, werden die Urheber\u00adrechte Dritter beach\u00adtet. Insbe\u00adson\u00addere werden Inhalte Dritter als solche gekenn\u00adzeich\u00adnet. Sollten Sie trotz\u00addem auf eine Urheber\u00adrechts\u00adver\u00adlet\u00adzung aufmerk\u00adsam werden, bitten wir um einen entspre\u00adchen\u00adden Hinweis. Bei Bekannt\u00adwer\u00adden von Rechts\u00adver\u00adlet\u00adzun\u00adgen werden wir derar\u00adtige Inhalte umgehend entfernen.<\/p>\n<p><strong>Daten\u00adschutz<\/strong><br>Die Nutzung unserer Webseite ist in der Regel ohne Angabe perso\u00adnen\u00adbe\u00adzo\u00adge\u00adner Daten m\u00f6glich. Soweit auf unseren Seiten perso\u00adnen\u00adbe\u00adzo\u00adgene Daten (beispiels\u00adweise Name, Anschrift oder eMail-Adres\u00adsen) erhoben werden, erfolgt dies, soweit m\u00f6glich, stets auf freiwil\u00adli\u00adger Basis. Diese Daten werden ohne Ihre ausdr\u00fcck\u00adli\u00adche Zustim\u00admung nicht an Dritte weiter\u00adge\u00adge\u00adben.<br>Wir weisen darauf hin, dass die Daten\u00ad\u00fcber\u00adtra\u00adgung im Inter\u00adnet (z.B. bei der Kommu\u00adni\u00adka\u00adtion per E\u2011Mail) Sicher\u00adheits\u00adl\u00fc\u00adcken aufwei\u00adsen kann. Ein l\u00fccken\u00adlo\u00adser Schutz der Daten vor dem Zugriff durch Dritte ist nicht m\u00f6glich.<br>Der Nutzung von im Rahmen der Impres\u00adsums\u00adpflicht ver\u00f6f\u00adfent\u00adlich\u00adten Kontakt\u00adda\u00adten durch Dritte zur \u00dcbersen\u00addung von nicht ausdr\u00fcck\u00adlich angefor\u00adder\u00adter Werbung und Infor\u00adma\u00adti\u00adons\u00adma\u00adte\u00adria\u00adlien wird hiermit ausdr\u00fcck\u00adlich wider\u00adspro\u00adchen. Die Betrei\u00adber der Seiten behal\u00adten sich ausdr\u00fcck\u00adlich recht\u00adli\u00adche Schritte im Falle der unver\u00adlang\u00adten Zusen\u00addung von Werbe\u00adinfor\u00adma\u00adtio\u00adnen, etwa durch Spam-Mails, vor.<\/p>\n<p>Von impressum-generator.de<\/p>\t\t\t\t\t\t\t\t<\/div>\n\t\t\t\t<\/div>\n\t\t\t\t<div class=\"elementor-element elementor-element-788b80b elementor-widget-divider--view-line elementor-widget elementor-widget-divider\" data-id=\"788b80b\" data-element_type=\"widget\" data-e-type=\"widget\" data-widget_type=\"divider.default\">\n\t\t\t\t<div class=\"elementor-widget-container\">\n\t\t\t\t\t\t\t<div class=\"elementor-divider\">\n\t\t\t<span class=\"elementor-divider-separator\">\n\t\t\t\t\t\t<\/span>\n\t\t<\/div>\n\t\t\t\t\t\t<\/div>\n\t\t\t\t<\/div>\n\t\t\t\t<div class=\"elementor-element elementor-element-d8f4415 elementor-align-left elementor-tablet-align-justify elementor-mobile-align-justify elementor-widget elementor-widget-button\" data-id=\"d8f4415\" data-element_type=\"widget\" data-e-type=\"widget\" data-widget_type=\"button.default\">\n\t\t\t\t<div class=\"elementor-widget-container\">\n\t\t\t\t\t\t\t\t\t<div class=\"elementor-button-wrapper\">\n\t\t\t\t\t<a class=\"elementor-button elementor-button-link elementor-size-md\" href=\"http:\/\/odysseus-hamburg.de\/\">\n\t\t\t\t\t\t<span class=\"elementor-button-content-wrapper\">\n\t\t\t\t\t\t\t\t\t<span class=\"elementor-button-text\">zur\u00fcck zum Restau\u00adrant Odysseus<\/span>\n\t\t\t\t\t<\/span>\n\t\t\t\t\t<\/a>\n\t\t\t\t<\/div>\n\t\t\t\t\t\t\t\t<\/div>\n\t\t\t\t<\/div>\n\t\t\t\t\t<\/div>\n\t\t<\/div>\n\t\t\t\t\t<\/div>\n\t\t<\/section>\n\t\t\t\t<\/div>\n\t\t","protected":false},"excerpt":{"rendered":"<p>Daten\u00adschutz\u00ader\u00adkl\u00e4\u00adrung www.odysseus-hamburg.de zur\u00fcck zum Restau\u00adrant Odysseus Allge\u00admei\u00adner Hinweis und Pflicht\u00adin\u00adfor\u00adma\u00adtio\u00adnen Die verant\u00adwort\u00adli\u00adche Stelle f\u00fcr die Daten\u00adver\u00adar\u00adbei\u00adtung auf dieser Website ist: Odysseus Chatzikon\u00adstan\u00adti\u00adni\u00addesHellkamp 1,&nbsp;20255 Hamburgmail@odysseus-hamburg.de Die verant\u00adwort\u00adli\u00adche Stelle entschei\u00addet allein oder gemein\u00adsam mit anderen \u00fcber die Zwecke und Mittel der Verar\u00adbei\u00adtung von perso\u00adnen\u00adbe\u00adzo\u00adge\u00adnen Daten (z. B. Namen, Kontakt\u00adda\u00adten o.&nbsp;\u00c4.). Wider\u00adruf Ihrer Einwil\u00adli\u00adgung zur Daten\u00adver\u00adar\u00adbei\u00adtungNur mit&nbsp;Ihrer&nbsp;[\u2026]<\/p>\n","protected":false},"author":1,"featured_media":145,"parent":0,"menu_order":0,"comment_status":"closed","ping_status":"closed","template":"elementor_canvas","meta":{"wp_typography_post_enhancements_disabled":false,"footnotes":""},"class_list":["post-251","page","type-page","status-publish","has-post-thumbnail","hentry"],"_links":{"self":[{"href":"http:\/\/odysseus-hamburg.de\/index.php?rest_route=\/wp\/v2\/pages\/251","targetHints":{"allow":["GET"]}}],"collection":[{"href":"http:\/\/odysseus-hamburg.de\/index.php?rest_route=\/wp\/v2\/pages"}],"about":[{"href":"http:\/\/odysseus-hamburg.de\/index.php?rest_route=\/wp\/v2\/types\/page"}],"author":[{"embeddable":true,"href":"http:\/\/odysseus-hamburg.de\/index.php?rest_route=\/wp\/v2\/users\/1"}],"replies":[{"embeddable":true,"href":"http:\/\/odysseus-hamburg.de\/index.php?rest_route=%2Fwp%2Fv2%2Fcomments&post=251"}],"version-history":[{"count":12,"href":"http:\/\/odysseus-hamburg.de\/index.php?rest_route=\/wp\/v2\/pages\/251\/revisions"}],"predecessor-version":[{"id":365,"href":"http:\/\/odysseus-hamburg.de\/index.php?rest_route=\/wp\/v2\/pages\/251\/revisions\/365"}],"wp:featuredmedia":[{"embeddable":true,"href":"http:\/\/odysseus-hamburg.de\/index.php?rest_route=\/wp\/v2\/media\/145"}],"wp:attachment":[{"href":"http:\/\/odysseus-hamburg.de\/index.php?rest_route=%2Fwp%2Fv2%2Fmedia&parent=251"}],"curies":[{"name":"wp","href":"https:\/\/api.w.org\/{rel}","templated":true}]}}